{"id":1885,"date":"2022-08-18T19:03:57","date_gmt":"2022-08-18T19:03:57","guid":{"rendered":"https:\/\/serviciointacto.com\/?page_id=1885"},"modified":"2022-08-18T19:07:48","modified_gmt":"2022-08-18T19:07:48","slug":"traslado-fondo-de-pensiones","status":"publish","type":"page","link":"https:\/\/serviciointacto.com\/index.php\/traslado-fondo-de-pensiones\/","title":{"rendered":"Traslado de Fondo de Pensiones"},"content":{"rendered":"\t\t<div data-elementor-type=\"wp-page\" data-elementor-id=\"1885\" class=\"elementor elementor-1885\" data-elementor-post-type=\"page\">\n\t\t\t\t\t\t<section class=\"elementor-section elementor-top-section elementor-element elementor-element-4b066d2 elementor-section-boxed elementor-section-height-default elementor-section-height-default\" data-id=\"4b066d2\" data-element_type=\"section\" data-settings=\"{&quot;background_background&quot;:&quot;classic&quot;}\">\n\t\t\t\t\t\t\t<div class=\"elementor-background-overlay\"><\/div>\n\t\t\t\t\t\t\t<div class=\"elementor-container elementor-column-gap-no\">\n\t\t\t\t\t<div class=\"elementor-column elementor-col-100 elementor-top-column elementor-element elementor-element-ba0f9ea\" data-id=\"ba0f9ea\" data-element_type=\"column\">\n\t\t\t<div class=\"elementor-widget-wrap elementor-element-populated\">\n\t\t\t\t\t\t<div class=\"elementor-element elementor-element-51cac4d elementor-invisible elementor-widget elementor-widget-heading\" data-id=\"51cac4d\" data-element_type=\"widget\" data-settings=\"{&quot;_animation&quot;:&quot;slideInLeft&quot;,&quot;_animation_delay&quot;:&quot;200&quot;}\" data-widget_type=\"heading.default\">\n\t\t\t\t<div class=\"elementor-widget-container\">\n\t\t\t<h1 class=\"elementor-heading-title elementor-size-default\">CAMBIATE A EL FONDO DE PENSIONES DE TU PREFERENCIA<\/h1>\t\t<\/div>\n\t\t\t\t<\/div>\n\t\t\t\t\t<\/div>\n\t\t<\/div>\n\t\t\t\t\t<\/div>\n\t\t<\/section>\n\t\t\t\t<section class=\"elementor-section elementor-top-section elementor-element elementor-element-6caba7f elementor-section-full_width elementor-section-height-default elementor-section-height-default\" data-id=\"6caba7f\" data-element_type=\"section\" data-settings=\"{&quot;background_background&quot;:&quot;classic&quot;}\">\n\t\t\t\t\t\t<div class=\"elementor-container elementor-column-gap-default\">\n\t\t\t\t\t<div class=\"elementor-column elementor-col-100 elementor-top-column elementor-element elementor-element-23b2315\" data-id=\"23b2315\" data-element_type=\"column\">\n\t\t\t<div class=\"elementor-widget-wrap elementor-element-populated\">\n\t\t\t\t\t\t<div class=\"elementor-element elementor-element-ff5426f elementor-invisible elementor-widget elementor-widget-heading\" data-id=\"ff5426f\" data-element_type=\"widget\" data-settings=\"{&quot;_animation&quot;:&quot;fadeInRight&quot;}\" data-widget_type=\"heading.default\">\n\t\t\t\t<div class=\"elementor-widget-container\">\n\t\t\t<h2 class=\"elementor-heading-title elementor-size-default\">TRASLADA TU FONDO DE PENSIONES<\/h2>\t\t<\/div>\n\t\t\t\t<\/div>\n\t\t\t\t<div class=\"elementor-element elementor-element-204bc61 elementor-invisible elementor-widget elementor-widget-wpforms\" data-id=\"204bc61\" data-element_type=\"widget\" data-settings=\"{&quot;_animation&quot;:&quot;slideInLeft&quot;}\" data-widget_type=\"wpforms.default\">\n\t\t\t\t<div class=\"elementor-widget-container\">\n\t\t\t<div class=\"wpforms-container wpforms-container-full wpforms-render-modern\" id=\"wpforms-1884\"><form id=\"wpforms-form-1884\" class=\"wpforms-validate wpforms-form\" data-formid=\"1884\" method=\"post\" enctype=\"multipart\/form-data\" action=\"\/index.php\/wp-json\/wp\/v2\/pages\/1885\" data-token=\"aa702952895e2e76ef653e1e95feb0f9\" data-token-time=\"1778069136\"><div class=\"wpforms-head-container\"><div class=\"wpforms-description\">\u00a1D\u00e9janos tus datos, y pronto uno de nuestros asesores se contactar\u00e1 contigo!<\/div><\/div><noscript class=\"wpforms-error-noscript\">Por favor, activa JavaScript en tu navegador para completar este formulario.<\/noscript><div id=\"wpforms-error-noscript\" style=\"display: none;\">Por favor, activa JavaScript en tu navegador para completar este formulario.<\/div><div class=\"wpforms-field-container\"><div id=\"wpforms-1884-field_0-container\" class=\"wpforms-field wpforms-field-name\" data-field-id=\"0\"><label class=\"wpforms-field-label\" for=\"wpforms-1884-field_0\">Nombre y Apellido <span class=\"wpforms-required-label\" aria-hidden=\"true\">*<\/span><\/label><input type=\"text\" id=\"wpforms-1884-field_0\" class=\"wpforms-field-large wpforms-field-required\" name=\"wpforms[fields][0]\" aria-errormessage=\"wpforms-1884-field_0-error\" required><\/div><div id=\"wpforms-1884-field_12-container\" class=\"wpforms-field wpforms-field-email\" data-field-id=\"12\"><label class=\"wpforms-field-label\" for=\"wpforms-1884-field_12\">Correo electr\u00f3nico <span class=\"wpforms-required-label\" aria-hidden=\"true\">*<\/span><\/label><input type=\"email\" id=\"wpforms-1884-field_12\" class=\"wpforms-field-large wpforms-field-required\" name=\"wpforms[fields][12]\" spellcheck=\"false\" aria-errormessage=\"wpforms-1884-field_12-error\" required><\/div><div id=\"wpforms-1884-field_9-container\" class=\"wpforms-field wpforms-field-phone\" data-field-id=\"9\"><label class=\"wpforms-field-label\" for=\"wpforms-1884-field_9\">N\u00famero de T\u00e9lefono <span class=\"wpforms-required-label\" aria-hidden=\"true\">*<\/span><\/label><input type=\"tel\" id=\"wpforms-1884-field_9\" class=\"wpforms-field-large wpforms-field-required wpforms-smart-phone-field\" data-rule-smart-phone-field=\"true\" name=\"wpforms[fields][9]\" aria-label=\"N\u00famero de T\u00e9lefono\" aria-errormessage=\"wpforms-1884-field_9-error\" required><\/div><div id=\"wpforms-1884-field_5-container\" class=\"wpforms-field wpforms-field-text\" data-field-id=\"5\"><label class=\"wpforms-field-label\" for=\"wpforms-1884-field_5\">Ciudad De Residencia<\/label><input type=\"text\" id=\"wpforms-1884-field_5\" class=\"wpforms-field-large\" name=\"wpforms[fields][5]\" aria-errormessage=\"wpforms-1884-field_5-error\" ><\/div><div id=\"wpforms-1884-field_24-container\" class=\"wpforms-field wpforms-field-text\" data-field-id=\"24\"><label class=\"wpforms-field-label\" for=\"wpforms-1884-field_24\">Direcci\u00f3n de Vivienda<\/label><input type=\"text\" id=\"wpforms-1884-field_24\" class=\"wpforms-field-large\" name=\"wpforms[fields][24]\" aria-errormessage=\"wpforms-1884-field_24-error\" ><\/div><div id=\"wpforms-1884-field_18-container\" class=\"wpforms-field wpforms-field-select wpforms-field-select-style-modern\" data-field-id=\"18\"><label class=\"wpforms-field-label\" for=\"wpforms-1884-field_18\">Tipo de Documento <span class=\"wpforms-required-label\" aria-hidden=\"true\">*<\/span><\/label><select id=\"wpforms-1884-field_18\" class=\"wpforms-field-large wpforms-field-required choicesjs-select\" data-size-class=\"wpforms-field-row wpforms-field-large\" data-search-enabled=\"\" name=\"wpforms[fields][18]\" required=\"required\"><option value=\"\" class=\"placeholder\" disabled ><\/option><option value=\"C\u00e9dula de Ciudadania\"  selected='selected' class=\"choice-1 depth-1\"  >C\u00e9dula de Ciudadania<\/option><option value=\"C\u00e9dula de Extranjer\u00eda\"  class=\"choice-2 depth-1\"  >C\u00e9dula de Extranjer\u00eda<\/option><option value=\"Tarjeta de Identidad\"  class=\"choice-3 depth-1\"  >Tarjeta de Identidad<\/option><\/select><\/div><div id=\"wpforms-1884-field_21-container\" class=\"wpforms-field wpforms-field-number\" data-field-id=\"21\"><label class=\"wpforms-field-label\" for=\"wpforms-1884-field_21\">N\u00famero de Documento <span class=\"wpforms-required-label\" aria-hidden=\"true\">*<\/span><\/label><input type=\"number\" id=\"wpforms-1884-field_21\" class=\"wpforms-field-large wpforms-field-required\" name=\"wpforms[fields][21]\" step=\"any\" aria-errormessage=\"wpforms-1884-field_21-error\" required><\/div><div id=\"wpforms-1884-field_17-container\" class=\"wpforms-field wpforms-field-text\" data-field-id=\"17\"><label class=\"wpforms-field-label\" for=\"wpforms-1884-field_17\">\u00bfEn qu\u00e9 empresa te encuentras trabajando? <span class=\"wpforms-required-label\" aria-hidden=\"true\">*<\/span><\/label><input type=\"text\" id=\"wpforms-1884-field_17\" class=\"wpforms-field-large wpforms-field-required\" name=\"wpforms[fields][17]\" aria-errormessage=\"wpforms-1884-field_17-error\" required><\/div><div id=\"wpforms-1884-field_8-container\" class=\"wpforms-field wpforms-field-select wpforms-field-select-style-modern\" data-field-id=\"8\"><label class=\"wpforms-field-label\" for=\"wpforms-1884-field_8\">\u00bfCu\u00e1l es el Fondo de Pensiones que deseas? <span class=\"wpforms-required-label\" aria-hidden=\"true\">*<\/span><\/label><select id=\"wpforms-1884-field_8\" class=\"wpforms-field-large wpforms-field-required choicesjs-select\" data-size-class=\"wpforms-field-row wpforms-field-large\" data-search-enabled=\"\" name=\"wpforms[fields][8]\" required=\"required\"><option value=\"\" class=\"placeholder\" disabled  selected='selected'><\/option><option value=\"Protecci\u00f3n\"  class=\"choice-1 depth-1\"  >Protecci\u00f3n<\/option><option value=\"Porvenir\"  class=\"choice-2 depth-1\"  >Porvenir<\/option><\/select><\/div><div id=\"wpforms-1884-field_16-container\" class=\"wpforms-field wpforms-field-select wpforms-field-select-style-modern\" data-field-id=\"16\"><label class=\"wpforms-field-label\" for=\"wpforms-1884-field_16\">\u00bfEn cu\u00e1l Fondo de Pensiones te encuentras?<\/label><select id=\"wpforms-1884-field_16\" class=\"wpforms-field-large choicesjs-select\" data-size-class=\"wpforms-field-row wpforms-field-large\" data-search-enabled=\"\" name=\"wpforms[fields][16]\"><option value=\"\" class=\"placeholder\" disabled  selected='selected'><\/option><option value=\"Colfondos\"  class=\"choice-1 depth-1\"  >Colfondos<\/option><option value=\"Porvenir\"  class=\"choice-2 depth-1\"  >Porvenir<\/option><option value=\"Skandia\"  class=\"choice-3 depth-1\"  >Skandia<\/option><option value=\"Protecci\u00f3n\"  class=\"choice-10 depth-1\"  >Protecci\u00f3n<\/option><option value=\"Colpensiones\"  class=\"choice-9 depth-1\"  >Colpensiones<\/option><\/select><\/div><div id=\"wpforms-1884-field_22-container\" class=\"wpforms-field wpforms-field-checkbox\" data-field-id=\"22\"><fieldset><legend class=\"wpforms-field-label wpforms-label-hide\" aria-hidden=\"false\">Tratamiento de Datos <span class=\"wpforms-required-label\" aria-hidden=\"true\">*<\/span><\/legend><ul id=\"wpforms-1884-field_22\" class=\"wpforms-field-required\"><li class=\"choice-1 depth-1\"><input type=\"checkbox\" id=\"wpforms-1884-field_22_1\" name=\"wpforms[fields][22][]\" value=\"Autorizo para que este sitio web almacene la informaci\u00f3n que env\u00edo, y as\u00ed realicen el traslado de mi Fondo de Pensiones\" aria-errormessage=\"wpforms-1884-field_22_1-error\" required ><label class=\"wpforms-field-label-inline\" for=\"wpforms-1884-field_22_1\">Autorizo para que este sitio web almacene la informaci\u00f3n que env\u00edo, y as\u00ed realicen el traslado de mi Fondo de Pensiones<\/label><\/li><\/ul><\/fieldset><\/div><\/div><!-- .wpforms-field-container --><div class=\"wpforms-field wpforms-field-hp\"><label for=\"wpforms-1884-field-hp\" class=\"wpforms-field-label\">Comment<\/label><input type=\"text\" name=\"wpforms[hp]\" id=\"wpforms-1884-field-hp\" class=\"wpforms-field-medium\"><\/div><div class=\"wpforms-submit-container\" ><input type=\"hidden\" name=\"wpforms[id]\" value=\"1884\"><input type=\"hidden\" name=\"page_title\" value=\"\"><input type=\"hidden\" name=\"page_url\" value=\"https:\/\/serviciointacto.com\/index.php\/wp-json\/wp\/v2\/pages\/1885\"><input type=\"hidden\" name=\"url_referer\" value=\"\"><button type=\"submit\" name=\"wpforms[submit]\" id=\"wpforms-submit-1884\" class=\"wpforms-submit\" data-alt-text=\"Enviando...\" data-submit-text=\"Enviar\" aria-live=\"assertive\" value=\"wpforms-submit\">Enviar<\/button><\/div><\/form><\/div>  <!-- .wpforms-container -->\t\t<\/div>\n\t\t\t\t<\/div>\n\t\t\t\t\t<\/div>\n\t\t<\/div>\n\t\t\t\t\t<\/div>\n\t\t<\/section>\n\t\t\t\t<\/div>\n\t\t","protected":false},"excerpt":{"rendered":"<p>CAMBIATE A EL FONDO DE PENSIONES DE TU PREFERENCIA TRASLADA TU FONDO DE PENSIONES<\/p>\n","protected":false},"author":1,"featured_media":0,"parent":0,"menu_order":0,"comment_status":"closed","ping_status":"closed","template":"","meta":{"site-sidebar-layout":"no-sidebar","site-content-layout":"page-builder","ast-site-content-layout":"","site-content-style":"default","site-sidebar-style":"default","ast-global-header-display":"","ast-banner-title-visibility":"","ast-main-header-display":"","ast-hfb-above-header-display":"","ast-hfb-below-header-display":"","ast-hfb-mobile-header-display":"","site-post-title":"disabled","ast-breadcrumbs-content":"","ast-featured-img":"disabled","footer-sml-layout":"","theme-transparent-header-meta":"","adv-header-id-meta":"","stick-header-meta":"","header-above-stick-meta":"","header-main-stick-meta":"","header-below-stick-meta":"","astra-migrate-meta-layouts":"default","ast-page-background-enabled":"default","ast-page-background-meta":{"desktop":{"background-color":"","background-image":"","background-repeat":"repeat","background-position":"center center","background-size":"auto","background-attachment":"scroll","background-type":"","background-media":"","overlay-type":"","overlay-color":"","overlay-gradient":""},"tablet":{"background-color":"","background-image":"","background-repeat":"repeat","background-position":"center center","background-size":"auto","background-attachment":"scroll","background-type":"","background-media":"","overlay-type":"","overlay-color":"","overlay-gradient":""},"mobile":{"background-color":"","background-image":"","background-repeat":"repeat","background-position":"center center","background-size":"auto","background-attachment":"scroll","background-type":"","background-media":"","overlay-type":"","overlay-color":"","overlay-gradient":""}},"ast-content-background-meta":{"desktop":{"background-color":"var(--ast-global-color-5)","background-image":"","background-repeat":"repeat","background-position":"center center","background-size":"auto","background-attachment":"scroll","background-type":"","background-media":"","overlay-type":"","overlay-color":"","overlay-gradient":""},"tablet":{"background-color":"var(--ast-global-color-5)","background-image":"","background-repeat":"repeat","background-position":"center center","background-size":"auto","background-attachment":"scroll","background-type":"","background-media":"","overlay-type":"","overlay-color":"","overlay-gradient":""},"mobile":{"background-color":"var(--ast-global-color-5)","background-image":"","background-repeat":"repeat","background-position":"center center","background-size":"auto","background-attachment":"scroll","background-type":"","background-media":"","overlay-type":"","overlay-color":"","overlay-gradient":""}},"footnotes":""},"class_list":["post-1885","page","type-page","status-publish","hentry"],"_links":{"self":[{"href":"https:\/\/serviciointacto.com\/index.php\/wp-json\/wp\/v2\/pages\/1885","targetHints":{"allow":["GET"]}}],"collection":[{"href":"https:\/\/serviciointacto.com\/index.php\/wp-json\/wp\/v2\/pages"}],"about":[{"href":"https:\/\/serviciointacto.com\/index.php\/wp-json\/wp\/v2\/types\/page"}],"author":[{"embeddable":true,"href":"https:\/\/serviciointacto.com\/index.php\/wp-json\/wp\/v2\/users\/1"}],"replies":[{"embeddable":true,"href":"https:\/\/serviciointacto.com\/index.php\/wp-json\/wp\/v2\/comments?post=1885"}],"version-history":[{"count":5,"href":"https:\/\/serviciointacto.com\/index.php\/wp-json\/wp\/v2\/pages\/1885\/revisions"}],"predecessor-version":[{"id":1894,"href":"https:\/\/serviciointacto.com\/index.php\/wp-json\/wp\/v2\/pages\/1885\/revisions\/1894"}],"wp:attachment":[{"href":"https:\/\/serviciointacto.com\/index.php\/wp-json\/wp\/v2\/media?parent=1885"}],"curies":[{"name":"wp","href":"https:\/\/api.w.org\/{rel}","templated":true}]}}